{"id":2468,"date":"2023-10-31T12:38:12","date_gmt":"2023-10-31T11:38:12","guid":{"rendered":"https:\/\/www.babybedenkzeit.de\/?page_id=2468"},"modified":"2023-12-19T11:16:50","modified_gmt":"2023-12-19T10:16:50","slug":"tipps-zur-finanzierung","status":"publish","type":"page","link":"https:\/\/www.babybedenkzeit.de\/nl\/weiteres\/tipps-zur-finanzierung\/","title":{"rendered":"Tips voor de financiering"},"content":{"rendered":"\t\t<div data-elementor-type=\"wp-page\" data-elementor-id=\"2468\" class=\"elementor elementor-2468\">\n\t\t\t\t\t\t<section class=\"elementor-section elementor-top-section elementor-element elementor-element-5138317f elementor-section-boxed elementor-section-height-default elementor-section-height-default\" data-id=\"5138317f\" data-element_type=\"section\" data-e-type=\"section\" data-settings=\"{&quot;jet_parallax_layout_list&quot;:[{&quot;jet_parallax_layout_image&quot;:{&quot;url&quot;:&quot;&quot;,&quot;id&quot;:&quot;&quot;,&quot;size&quot;:&quot;&quot;},&quot;_id&quot;:&quot;c29c57a&quot;,&quot;jet_parallax_layout_image_tablet&quot;:{&quot;url&quot;:&quot;&quot;,&quot;id&quot;:&quot;&quot;,&quot;size&quot;:&quot;&quot;},&quot;jet_parallax_layout_image_mobile&quot;:{&quot;url&quot;:&quot;&quot;,&quot;id&quot;:&quot;&quot;,&quot;size&quot;:&quot;&quot;},&quot;jet_parallax_layout_speed&quot;:{&quot;unit&quot;:&quot;%&quot;,&quot;size&quot;:50,&quot;sizes&quot;:[]},&quot;jet_parallax_layout_type&quot;:&quot;scroll&quot;,&quot;jet_parallax_layout_direction&quot;:&quot;1&quot;,&quot;jet_parallax_layout_fx_direction&quot;:null,&quot;jet_parallax_layout_z_index&quot;:&quot;&quot;,&quot;jet_parallax_layout_bg_x&quot;:50,&quot;jet_parallax_layout_bg_x_tablet&quot;:&quot;&quot;,&quot;jet_parallax_layout_bg_x_mobile&quot;:&quot;&quot;,&quot;jet_parallax_layout_bg_y&quot;:50,&quot;jet_parallax_layout_bg_y_tablet&quot;:&quot;&quot;,&quot;jet_parallax_layout_bg_y_mobile&quot;:&quot;&quot;,&quot;jet_parallax_layout_bg_size&quot;:&quot;auto&quot;,&quot;jet_parallax_layout_bg_size_tablet&quot;:&quot;&quot;,&quot;jet_parallax_layout_bg_size_mobile&quot;:&quot;&quot;,&quot;jet_parallax_layout_animation_prop&quot;:&quot;transform&quot;,&quot;jet_parallax_layout_on&quot;:[&quot;desktop&quot;,&quot;tablet&quot;]}]}\">\n\t\t\t\t\t\t<div class=\"elementor-container elementor-column-gap-default\">\n\t\t\t\t\t<div class=\"elementor-column elementor-col-100 elementor-top-column elementor-element elementor-element-338bb2ca\" data-id=\"338bb2ca\" data-element_type=\"column\" data-e-type=\"column\">\n\t\t\t<div class=\"elementor-widget-wrap elementor-element-populated\">\n\t\t\t\t\t\t<div class=\"elementor-element elementor-element-2eeca9cd elementor-widget elementor-widget-text-editor\" data-id=\"2eeca9cd\" data-element_type=\"widget\" data-e-type=\"widget\" data-widget_type=\"text-editor.default\">\n\t\t\t\t<div class=\"elementor-widget-container\">\n\t\t\t\t\t\t\t\t\t<p>Verf\u00fcgt Ihre Schule oder Einrichtung nicht selbst \u00fcber ausreichende Mittel, haben Sie keinen finanzkr\u00e4ftigen F\u00f6rderverein und k\u00f6nnen Sie auch nicht mit einer F\u00f6rderung durch die Stadt, das Land oder Ihren Tr\u00e4ger rechnen? Vielleicht gibt es trotzdem M\u00f6glichkeiten, Gelder f\u00fcr die Anschaffung von Babysimulatoren oder Modellen zu beschaffen.<\/p><p>F\u00fcr ein gr\u00f6\u00dferes Finanzvolumen brauchen Sie vielleicht etwas Geduld bzw. eine l\u00e4ngere Vorbereitungszeit.<\/p><p>Unsere Kunden geben uns regelm\u00e4\u00dfig R\u00fcckmeldungen \u00fcber ihre erfolgreiche Beschaffung von Finanzmitteln.<br \/>Diese wertvollen Tipps m\u00f6chten wir gern mit Ihnen teilen.<\/p><ul><li>Sparkassen und Volksbanken haben h\u00e4ufig eigene Stiftungen oder F\u00f6rdert\u00f6pfe, um bestimmte Projekte vor Ort zu f\u00f6rdern. Stellen Sie Ihre Pl\u00e4ne vor und bitten Sie um Unterst\u00fctzung.<\/li><li>Haben sich in Ihrer Umgebung vielleicht Unternehmer oder Einzelh\u00e4ndler zu einem Interessenverband zusammengeschlossen? M\u00f6glicherweise leisten alle Mitglieder einen kleinen Beitrag und helfen Ihnen, den ben\u00f6tigten Betrag zu erreichen.<\/li><li>Wenden Sie sich an einen der sogenannten &#8218;Service- Clubs&#8216; in Ihrer Umgebung: Lions Club, Rotarier, Kiwanis, Round Table, Inner Wheel u.a.<\/li><li>Auf der Seite <a href=\"https:\/\/stiftungssuche.de\/\">https:\/\/stiftungssuche.de\/<\/a> k\u00f6nnen Sie gezielt nach Stiftungen suchen, die in Ihrer Region aktiv sind und Ihr Projekt vielleicht f\u00f6rdern w\u00fcrden. Beachten Sie hierzu bitte auch den <a href=\"https:\/\/www.babybedenkzeit.de\/wp-content\/uploads\/2023\/10\/Leitfaden-fuer-Foerderanfragen-an-Stiftungen.pdf\">Leitfaden f\u00fcr F\u00f6rderanfragen<\/a>.<\/li><li>Der Europ\u00e4ische Sozialfonds (ESF) erstellt regelm\u00e4\u00dfig Ausschreibungen zu bestimmten Themen. Passt das Thema der Ausschreibung zu Ihrem Projekt, k\u00f6nnen Sie sich sozusagen &#8218;anhaken&#8216;. So gab es im Jahr 2022 eine Ausschreibung zum Thema Digitalisierung, bei dem zahlreiche Schulen, Smartboards, Beamer und dergleichen haben f\u00f6rdern lassen, aber eben auch eine Schule einen (sehr) gro\u00dfen Betrag f\u00fcr Babysimulatoren erhalten hat.<\/li><\/ul><p>An wen Sie sich auch wenden, Sie werden Ihre Pl\u00e4ne Menschen pr\u00e4sentieren m\u00fcssen, die vielleicht noch nie von Babysimulatoren oder Elternpraktika geh\u00f6rt haben. Denken Sie auf jeden Fall auch an unseren<b> Videofilm<\/b>, der einen sehr guten Einblick \u00fcber den Ablauf eines Elternpraktikums gibt und fachfremden Publikum den Nutzen vermittelt.<\/p><p>Der Film dauert etwa 25 Minuten und wurde aufgenommen bei der Begleitung eines Elternpraktikums bei der Hamburger Gro\u00dfstadtmission. Die Schutzgeb\u00fchr von \u20ac 10,- wird Ihnen bei der Anschaffung von Babysimulatoren erstattet.<\/p>\t\t\t\t\t\t\t\t<\/div>\n\t\t\t\t<\/div>\n\t\t\t\t\t<\/div>\n\t\t<\/div>\n\t\t\t\t\t<\/div>\n\t\t<\/section>\n\t\t\t\t<\/div>\n\t\t","protected":false},"excerpt":{"rendered":"<p>Verf\u00fcgt Ihre Schule oder Einrichtung nicht selbst \u00fcber ausreichende Mittel, haben Sie keinen finanzkr\u00e4ftigen F\u00f6rderverein und k\u00f6nnen Sie auch nicht mit einer F\u00f6rderung durch die Stadt, das Land oder Ihren Tr\u00e4ger rechnen? Vielleicht gibt es trotzdem M\u00f6glichkeiten, Gelder f\u00fcr die Anschaffung von Babysimulatoren oder Modellen zu beschaffen. F\u00fcr ein gr\u00f6\u00dferes Finanzvolumen brauchen Sie vielleicht etwas [&hellip;]<\/p>\n","protected":false},"author":6,"featured_media":1264,"parent":544,"menu_order":4,"comment_status":"closed","ping_status":"closed","template":"","meta":{"footnotes":""},"class_list":["post-2468","page","type-page","status-publish","has-post-thumbnail","hentry"],"_links":{"self":[{"href":"https:\/\/www.babybedenkzeit.de\/nl\/wp-json\/wp\/v2\/pages\/2468","targetHints":{"allow":["GET"]}}],"collection":[{"href":"https:\/\/www.babybedenkzeit.de\/nl\/wp-json\/wp\/v2\/pages"}],"about":[{"href":"https:\/\/www.babybedenkzeit.de\/nl\/wp-json\/wp\/v2\/types\/page"}],"author":[{"embeddable":true,"href":"https:\/\/www.babybedenkzeit.de\/nl\/wp-json\/wp\/v2\/users\/6"}],"replies":[{"embeddable":true,"href":"https:\/\/www.babybedenkzeit.de\/nl\/wp-json\/wp\/v2\/comments?post=2468"}],"version-history":[{"count":4,"href":"https:\/\/www.babybedenkzeit.de\/nl\/wp-json\/wp\/v2\/pages\/2468\/revisions"}],"predecessor-version":[{"id":2510,"href":"https:\/\/www.babybedenkzeit.de\/nl\/wp-json\/wp\/v2\/pages\/2468\/revisions\/2510"}],"up":[{"embeddable":true,"href":"https:\/\/www.babybedenkzeit.de\/nl\/wp-json\/wp\/v2\/pages\/544"}],"wp:featuredmedia":[{"embeddable":true,"href":"https:\/\/www.babybedenkzeit.de\/nl\/wp-json\/wp\/v2\/media\/1264"}],"wp:attachment":[{"href":"https:\/\/www.babybedenkzeit.de\/nl\/wp-json\/wp\/v2\/media?parent=2468"}],"curies":[{"name":"wp","href":"https:\/\/api.w.org\/{rel}","templated":true}]}}