{"id":492,"date":"2019-09-05T13:39:07","date_gmt":"2019-09-05T11:39:07","guid":{"rendered":"https:\/\/www.babybedenkzeit.de\/\/?page_id=492"},"modified":"2021-03-06T07:55:42","modified_gmt":"2021-03-06T06:55:42","slug":"elternpraktikum","status":"publish","type":"page","link":"https:\/\/www.babybedenkzeit.de\/nl\/elternpraktikum\/","title":{"rendered":"Ouderstage"},"content":{"rendered":"\t\t<div data-elementor-type=\"wp-post\" data-elementor-id=\"492\" class=\"elementor elementor-492\">\n\t\t\t\t\t\t<section class=\"elementor-section elementor-top-section elementor-element elementor-element-31f2f8aa elementor-section-boxed elementor-section-height-default elementor-section-height-default\" data-id=\"31f2f8aa\" data-element_type=\"section\" data-e-type=\"section\" data-settings=\"{&quot;jet_parallax_layout_list&quot;:[{&quot;jet_parallax_layout_image&quot;:{&quot;url&quot;:&quot;&quot;,&quot;id&quot;:&quot;&quot;,&quot;size&quot;:&quot;&quot;},&quot;_id&quot;:&quot;461d7bf&quot;,&quot;jet_parallax_layout_image_tablet&quot;:{&quot;url&quot;:&quot;&quot;,&quot;id&quot;:&quot;&quot;,&quot;size&quot;:&quot;&quot;},&quot;jet_parallax_layout_image_mobile&quot;:{&quot;url&quot;:&quot;&quot;,&quot;id&quot;:&quot;&quot;,&quot;size&quot;:&quot;&quot;},&quot;jet_parallax_layout_speed&quot;:{&quot;unit&quot;:&quot;%&quot;,&quot;size&quot;:50,&quot;sizes&quot;:[]},&quot;jet_parallax_layout_type&quot;:&quot;scroll&quot;,&quot;jet_parallax_layout_direction&quot;:&quot;1&quot;,&quot;jet_parallax_layout_fx_direction&quot;:null,&quot;jet_parallax_layout_z_index&quot;:&quot;&quot;,&quot;jet_parallax_layout_bg_x&quot;:50,&quot;jet_parallax_layout_bg_x_tablet&quot;:&quot;&quot;,&quot;jet_parallax_layout_bg_x_mobile&quot;:&quot;&quot;,&quot;jet_parallax_layout_bg_y&quot;:50,&quot;jet_parallax_layout_bg_y_tablet&quot;:&quot;&quot;,&quot;jet_parallax_layout_bg_y_mobile&quot;:&quot;&quot;,&quot;jet_parallax_layout_bg_size&quot;:&quot;auto&quot;,&quot;jet_parallax_layout_bg_size_tablet&quot;:&quot;&quot;,&quot;jet_parallax_layout_bg_size_mobile&quot;:&quot;&quot;,&quot;jet_parallax_layout_animation_prop&quot;:&quot;transform&quot;,&quot;jet_parallax_layout_on&quot;:[&quot;desktop&quot;,&quot;tablet&quot;]}]}\">\n\t\t\t\t\t\t<div class=\"elementor-container elementor-column-gap-default\">\n\t\t\t\t\t<div class=\"elementor-column elementor-col-100 elementor-top-column elementor-element elementor-element-73274bc4\" data-id=\"73274bc4\" data-element_type=\"column\" data-e-type=\"column\">\n\t\t\t<div class=\"elementor-widget-wrap elementor-element-populated\">\n\t\t\t\t\t\t<div class=\"elementor-element elementor-element-78e82790 elementor-widget elementor-widget-text-editor\" data-id=\"78e82790\" data-element_type=\"widget\" data-e-type=\"widget\" data-no-translation=\"\" data-widget_type=\"text-editor.default\">\n\t\t\t\t<div class=\"elementor-widget-container\">\n\t\t\t\t\t<style>.elementor-element-78e82790{display:none !important}<\/style>\t\t\t\t<\/div>\n\t\t\t\t<\/div>\n\t\t\t\t<div class=\"elementor-element elementor-element-5497b25 elementor-widget elementor-widget-text-editor\" data-id=\"5497b25\" data-element_type=\"widget\" data-e-type=\"widget\" data-no-translation=\"\" data-widget_type=\"text-editor.default\">\n\t\t\t\t<div class=\"elementor-widget-container\">\n\t\t\t\t\t\t\t\t\t\n<div class=\"ce_text block\">\n<h1>De ouderstage<\/h1>\n<p>De babybedenkzeit\u00ae-ouderstage is geschikt voor kinderen vanaf ca. 14 jaar en biedt hen de kans, de verantwoordelijkheden die je als ouder hebt te ervaren. Her brengt kennis over, geeft kerncompetenties door en wijst de weg naar handelingsstrategie\u00ebn. Voor een aantal dagen en nachten zijn de jonge mensen verantwoordelijk voor een RealCare Baby\u00ae. Deze computergestuurde simulator bootst de behoeften van een echte zuigeling na. De adolescenten moeten de baby voerden, laten boeren, troosten, zijn luiers verschonen en hem onkleden. Als het zich lekker voelt maakt de baby gelukkige geluidjes. Als het hoofd niet wordt ondersteund, het grof wordt behandeld of niemand op zijn behoeften reageert, dan huilt het. Door het te verzorgen of te troosten wordt het weer rustig.<br \/><br \/>Alle gebeurtenissen worden quantitatief en qualitatief opgeslagen en kunnen aan het eind van de stage uitgeprint worden. De resultaten worden met de jongeren besproken.<br \/><br \/>Door zich bezig te houden met de taken van een ouder verzamelen de jongeren belangrijke ervaringen voor hun eigen toekomst.<br \/><br \/>De ouderstage moet door opgeleide pedagogen begeleid worden. Afhankelijk van de samenstelling van de groep en de doelstelling kunnen voor, tijdens en na de stage verschillende onderwerpen uitgewerkt worden.<br \/><br \/>Dit zeer effectieve preventieprogramma wordt vandaag de dag door honderden verloskundigen en vakmensen uit (sociaal)pedagogiek en geneeskunde aangeboden in inrichtigen zoals:<\/p>\n<ul>\n<li style=\"list-style-type: none;\">\n<ul>\n<li>Scholen<\/li>\n<li>Adviescentra, vooral bij zwangerschap<\/li>\n<li>Inrichtingen voor jeugdhulp<\/li>\n<li>Opleidingen voor verzorgenden<\/li>\n<li>Jeugdgevangenissen<\/li>\n<\/ul>\n<\/li>\n<\/ul>\n<p>Het wordt ieder jaar weer door nieuwe generaties jongeren enthousiast begroet.<\/p>\n<\/div>\n\t\t\t\t\t\t\t\t<\/div>\n\t\t\t\t<\/div>\n\t\t\t\t\t<\/div>\n\t\t<\/div>\n\t\t\t\t\t<\/div>\n\t\t<\/section>\n\t\t\t\t<section class=\"elementor-section elementor-top-section elementor-element elementor-element-127a25f elementor-section-boxed elementor-section-height-default elementor-section-height-default\" data-id=\"127a25f\" data-element_type=\"section\" data-e-type=\"section\" data-settings=\"{&quot;jet_parallax_layout_list&quot;:[{&quot;jet_parallax_layout_image&quot;:{&quot;url&quot;:&quot;&quot;,&quot;id&quot;:&quot;&quot;,&quot;size&quot;:&quot;&quot;},&quot;_id&quot;:&quot;771db9d&quot;,&quot;jet_parallax_layout_image_tablet&quot;:{&quot;url&quot;:&quot;&quot;,&quot;id&quot;:&quot;&quot;,&quot;size&quot;:&quot;&quot;},&quot;jet_parallax_layout_image_mobile&quot;:{&quot;url&quot;:&quot;&quot;,&quot;id&quot;:&quot;&quot;,&quot;size&quot;:&quot;&quot;},&quot;jet_parallax_layout_speed&quot;:{&quot;unit&quot;:&quot;%&quot;,&quot;size&quot;:50,&quot;sizes&quot;:[]},&quot;jet_parallax_layout_type&quot;:&quot;scroll&quot;,&quot;jet_parallax_layout_direction&quot;:&quot;1&quot;,&quot;jet_parallax_layout_fx_direction&quot;:null,&quot;jet_parallax_layout_z_index&quot;:&quot;&quot;,&quot;jet_parallax_layout_bg_x&quot;:50,&quot;jet_parallax_layout_bg_x_tablet&quot;:&quot;&quot;,&quot;jet_parallax_layout_bg_x_mobile&quot;:&quot;&quot;,&quot;jet_parallax_layout_bg_y&quot;:50,&quot;jet_parallax_layout_bg_y_tablet&quot;:&quot;&quot;,&quot;jet_parallax_layout_bg_y_mobile&quot;:&quot;&quot;,&quot;jet_parallax_layout_bg_size&quot;:&quot;auto&quot;,&quot;jet_parallax_layout_bg_size_tablet&quot;:&quot;&quot;,&quot;jet_parallax_layout_bg_size_mobile&quot;:&quot;&quot;,&quot;jet_parallax_layout_animation_prop&quot;:&quot;transform&quot;,&quot;jet_parallax_layout_on&quot;:[&quot;desktop&quot;,&quot;tablet&quot;]}]}\">\n\t\t\t\t\t\t<div class=\"elementor-container elementor-column-gap-default\">\n\t\t\t\t\t<div class=\"elementor-column elementor-col-100 elementor-top-column elementor-element elementor-element-415e8c4\" data-id=\"415e8c4\" data-element_type=\"column\" data-e-type=\"column\">\n\t\t\t<div class=\"elementor-widget-wrap elementor-element-populated\">\n\t\t\t\t\t\t<div class=\"elementor-element elementor-element-2d81c2a elementor-widget elementor-widget-html\" data-id=\"2d81c2a\" data-element_type=\"widget\" data-e-type=\"widget\" data-widget_type=\"html.default\">\n\t\t\t\t<div class=\"elementor-widget-container\">\n\t\t\t\t\t<iframe width=\"560\" height=\"515\" src=\"https:\/\/www.youtube-nocookie.com\/embed\/c07sVzw4DFI\" frameborder=\"0\" allow=\"accelerometer; autoplay; clipboard-write; encrypted-media; gyroscope; picture-in-picture\" allowfullscreen><\/iframe>\t\t\t\t<\/div>\n\t\t\t\t<\/div>\n\t\t\t\t\t<\/div>\n\t\t<\/div>\n\t\t\t\t\t<\/div>\n\t\t<\/section>\n\t\t\t\t<\/div>\n\t\t","protected":false},"excerpt":{"rendered":"<p>Das Elternpraktikum Das babybedenkzeit\u00ae-Elternpraktikum ist geeignet f\u00fcr Jugendlichen ab ca. 14 Jahren und bietet die M\u00f6glichkeit, sich mit den Verantwortlichkeiten von Elternschaft auseinanderzusetzen. Es vermittelt Kenntnisse, Schl\u00fcsselkompetenzen und Handlungsstrategien zum Thema Elternschaft. Einige Tage und N\u00e4chte sind sie f\u00fcr ein RealCare Baby\u00ae verantwortlich. Dieser computergesteuerte S\u00e4uglingssimulator kann die Bed\u00fcrfnisse eines realen Babys simulieren. Die Jugendlichen [&hellip;]<\/p>\n","protected":false},"author":1,"featured_media":1143,"parent":0,"menu_order":0,"comment_status":"closed","ping_status":"closed","template":"elementor_header_footer","meta":{"footnotes":""},"class_list":["post-492","page","type-page","status-publish","has-post-thumbnail","hentry"],"_links":{"self":[{"href":"https:\/\/www.babybedenkzeit.de\/nl\/wp-json\/wp\/v2\/pages\/492","targetHints":{"allow":["GET"]}}],"collection":[{"href":"https:\/\/www.babybedenkzeit.de\/nl\/wp-json\/wp\/v2\/pages"}],"about":[{"href":"https:\/\/www.babybedenkzeit.de\/nl\/wp-json\/wp\/v2\/types\/page"}],"author":[{"embeddable":true,"href":"https:\/\/www.babybedenkzeit.de\/nl\/wp-json\/wp\/v2\/users\/1"}],"replies":[{"embeddable":true,"href":"https:\/\/www.babybedenkzeit.de\/nl\/wp-json\/wp\/v2\/comments?post=492"}],"version-history":[{"count":18,"href":"https:\/\/www.babybedenkzeit.de\/nl\/wp-json\/wp\/v2\/pages\/492\/revisions"}],"predecessor-version":[{"id":1904,"href":"https:\/\/www.babybedenkzeit.de\/nl\/wp-json\/wp\/v2\/pages\/492\/revisions\/1904"}],"wp:featuredmedia":[{"embeddable":true,"href":"https:\/\/www.babybedenkzeit.de\/nl\/wp-json\/wp\/v2\/media\/1143"}],"wp:attachment":[{"href":"https:\/\/www.babybedenkzeit.de\/nl\/wp-json\/wp\/v2\/media?parent=492"}],"curies":[{"name":"wp","href":"https:\/\/api.w.org\/{rel}","templated":true}]}}