{"id":511,"date":"2019-09-08T12:42:19","date_gmt":"2019-09-08T10:42:19","guid":{"rendered":"https:\/\/www.babybedenkzeit.de\/\/?page_id=511"},"modified":"2020-06-22T17:03:34","modified_gmt":"2020-06-22T15:03:34","slug":"fuer-fachkraefte","status":"publish","type":"page","link":"https:\/\/www.babybedenkzeit.de\/nl\/fuer-fachkraefte\/","title":{"rendered":"Voor Vakmensen"},"content":{"rendered":"\t\t<div data-elementor-type=\"wp-post\" data-elementor-id=\"511\" class=\"elementor elementor-511\">\n\t\t\t\t\t\t<section class=\"elementor-section elementor-top-section elementor-element elementor-element-c191463 elementor-section-boxed elementor-section-height-default elementor-section-height-default\" data-id=\"c191463\" data-element_type=\"section\" data-e-type=\"section\" data-settings=\"{&quot;jet_parallax_layout_list&quot;:[{&quot;jet_parallax_layout_image&quot;:{&quot;url&quot;:&quot;&quot;,&quot;id&quot;:&quot;&quot;,&quot;size&quot;:&quot;&quot;},&quot;_id&quot;:&quot;72b346b&quot;,&quot;jet_parallax_layout_image_tablet&quot;:{&quot;url&quot;:&quot;&quot;,&quot;id&quot;:&quot;&quot;,&quot;size&quot;:&quot;&quot;},&quot;jet_parallax_layout_image_mobile&quot;:{&quot;url&quot;:&quot;&quot;,&quot;id&quot;:&quot;&quot;,&quot;size&quot;:&quot;&quot;},&quot;jet_parallax_layout_speed&quot;:{&quot;unit&quot;:&quot;%&quot;,&quot;size&quot;:50,&quot;sizes&quot;:[]},&quot;jet_parallax_layout_type&quot;:&quot;scroll&quot;,&quot;jet_parallax_layout_z_index&quot;:&quot;&quot;,&quot;jet_parallax_layout_bg_x&quot;:50,&quot;jet_parallax_layout_bg_y&quot;:50,&quot;jet_parallax_layout_bg_size&quot;:&quot;auto&quot;,&quot;jet_parallax_layout_animation_prop&quot;:&quot;transform&quot;,&quot;jet_parallax_layout_on&quot;:[&quot;desktop&quot;,&quot;tablet&quot;],&quot;jet_parallax_layout_direction&quot;:&quot;1&quot;,&quot;jet_parallax_layout_fx_direction&quot;:null,&quot;jet_parallax_layout_bg_x_tablet&quot;:&quot;&quot;,&quot;jet_parallax_layout_bg_x_mobile&quot;:&quot;&quot;,&quot;jet_parallax_layout_bg_y_tablet&quot;:&quot;&quot;,&quot;jet_parallax_layout_bg_y_mobile&quot;:&quot;&quot;,&quot;jet_parallax_layout_bg_size_tablet&quot;:&quot;&quot;,&quot;jet_parallax_layout_bg_size_mobile&quot;:&quot;&quot;}]}\">\n\t\t\t\t\t\t<div class=\"elementor-container elementor-column-gap-default\">\n\t\t\t\t\t<div class=\"elementor-column elementor-col-100 elementor-top-column elementor-element elementor-element-402e27e\" data-id=\"402e27e\" data-element_type=\"column\" data-e-type=\"column\">\n\t\t\t<div class=\"elementor-widget-wrap elementor-element-populated\">\n\t\t\t\t\t\t<div class=\"elementor-element elementor-element-06db606 elementor-widget elementor-widget-text-editor\" data-id=\"06db606\" data-element_type=\"widget\" data-e-type=\"widget\" data-widget_type=\"text-editor.default\">\n\t\t\t\t<div class=\"elementor-widget-container\">\n\t\t\t\t\t\t\t\t\t<h1>Hinweis: Elternpraktikum in Zeiten von Corona<\/h1><p>Nat\u00fcrlich k\u00f6nnen Sie auch unter den gegebenen Umst\u00e4nden Elternpraktika durchf\u00fchren und bereits geplante Elternpraktika mit einigen Anpassungen stattfinden lassen.<br \/>Wir erachten den pers\u00f6nlichen Kontakt und Dialog mit den Sch\u00fclern als zu wichtig, aus diesem Grund stellen wir keine Videos zur Verf\u00fcgung. Wir k\u00f6nnten damit Ihrer individuellen Situation auch nicht gerecht werden.<\/p><p>Die Einf\u00fchrung in das Praktikum, die Vorstellung der Simulatoren, alle Treffen und die Abschlussbesprechungen, die Sie normalerweise in der Gruppe stattfinden lassen w\u00fcrden, k\u00f6nnen Sie bequem zu einem vereinbarten Zeitpunkt per Video-Konferenz abhalten. Daf\u00fcr gibt es im Netz kostenlose Software (z.B. Zoom), f\u00fcr die man sich nur mit der eigenen E-Mail registrieren muss und die teilweise auch auf dem Smartphone funktioniert. Auf diese Weise k\u00f6nnen Fragen sofort und f\u00fcr alle beantwortet werden und Sie k\u00f6nnen sicherstellen, dass jeder die Funktionsweise der Simulatoren versteht.<br \/>Die Ausgabe der von Ihnen vorab programmierten Babys und die Auswertung nach Beendigung des Praktikums muss nat\u00fcrlich pers\u00f6nlich stattfinden, das Einhalten des Sicherheitsabstandes und das Tragen eines Mundschutzes ist dabei problemlos umzusetzen. Sie k\u00f6nnten Ihre Sch\u00fcler z.B. im 20-Min-Takt zu sich bestellen, damit sie nicht in Gruppen vor Ihrem Raum anstehen m\u00fcssen. Wenn Sie m\u00f6chten, k\u00f6nnen Sie die Simulatoren mit Hand-Desinfektionst\u00fcchern desinfizieren (keine scharfen Reiniger verwenden). Reiben Sie dabei die bemalten Partien (Gesicht, Haare) nicht zu sehr.<\/p><p>F\u00fcr m\u00f6gliche Zwischenfragen sind Sie nat\u00fcrlich ohnehin wie gewohnt f\u00fcr Ihre Sch\u00fcler erreichbar.<\/p><p><strong>Wir haben alle in den Nachrichten geh\u00f6rt, dass aufgrund der Kontaktsperren und des damit verbundenen st\u00e4ndigen Zusammenseins der Familien die F\u00e4lle h\u00e4uslicher Gewalt zugenommen haben. Bitte seien Sie sensibel f\u00fcr etwaiges Problempotential in dieser Richtung.\u00a0<\/strong>\u00a0<\/p><h1>\u00a0<\/h1><h1>Informationen f\u00fcr Fachkr\u00e4fte<\/h1><p>F\u00fcr jedes denkbare Unterfangen muss man seine Bef\u00e4higung unter Beweis stellen, vor allem, wenn andere Menschen sonst zu Schaden kommen k\u00f6nnten. Elternschaft wird jedoch noch immer als eine Art Instinkt angesehen, eine Aufgabe, in die man \u201ahineinw\u00e4chst\u2018. Im Idealfall bekommen Jugendliche das n\u00f6tige R\u00fcstzeug und die erforderlichen Kompetenzen im Elternhaus mit, oft k\u00f6nnen Familien dies jedoch nicht mehr leisten. <br \/>Hilfe bekommen \u00fcberforderte Eltern erst, wenn das sprichw\u00f6rtliche Kind bereits in den Brunnen gefallen ist. Deshalb bietet babybedenkzeit<strong><sup>\u00ae<\/sup><\/strong>\u00a0GbR bereits seit dem Jahr 2000 das RealCare Baby<strong><sup>\u00ae<\/sup><\/strong>\u00a0und unser von erfahrenen und diplomierten Sozialp\u00e4dagogen entwickeltes Programm an, das m\u00f6glichst vielen Jugendlichen die Gelegenheit zu einem Praktikum als Eltern geben soll.<\/p><p>Abschreckung ist nicht unser Ziel, wir m\u00f6chten vielmehr Jugendlichen durch eigene Erfahrung die Chance bieten, bewusste Entscheidungen f\u00fcr ihren Lebensweg zu treffen. Dazu geh\u00f6rt das Wissen um die eigenen Bed\u00fcrfnisse und die Bed\u00fcrfnisse eines Kindes, sowie eine Vorstellung, wie die bestm\u00f6glichen Voraussetzungen in der eigenen Situation zu schaffen sind.<\/p><p>Wir bieten Ihnen exklusiv die p\u00e4dagogischen Mittel f\u00fcr das Elternpraktikum, Fortbildungsseminare f\u00fcr Fachkr\u00e4fte und technischen Service an.<\/p>\t\t\t\t\t\t\t\t<\/div>\n\t\t\t\t<\/div>\n\t\t\t\t\t<\/div>\n\t\t<\/div>\n\t\t\t\t\t<\/div>\n\t\t<\/section>\n\t\t\t\t<section class=\"elementor-section elementor-top-section elementor-element elementor-element-c0827aa elementor-section-boxed elementor-section-height-default elementor-section-height-default\" data-id=\"c0827aa\" data-element_type=\"section\" data-e-type=\"section\" data-settings=\"{&quot;jet_parallax_layout_list&quot;:[{&quot;jet_parallax_layout_image&quot;:{&quot;url&quot;:&quot;&quot;,&quot;id&quot;:&quot;&quot;,&quot;size&quot;:&quot;&quot;},&quot;_id&quot;:&quot;7ff1ff0&quot;,&quot;jet_parallax_layout_image_tablet&quot;:{&quot;url&quot;:&quot;&quot;,&quot;id&quot;:&quot;&quot;,&quot;size&quot;:&quot;&quot;},&quot;jet_parallax_layout_image_mobile&quot;:{&quot;url&quot;:&quot;&quot;,&quot;id&quot;:&quot;&quot;,&quot;size&quot;:&quot;&quot;},&quot;jet_parallax_layout_speed&quot;:{&quot;unit&quot;:&quot;%&quot;,&quot;size&quot;:50,&quot;sizes&quot;:[]},&quot;jet_parallax_layout_type&quot;:&quot;scroll&quot;,&quot;jet_parallax_layout_direction&quot;:&quot;1&quot;,&quot;jet_parallax_layout_fx_direction&quot;:null,&quot;jet_parallax_layout_z_index&quot;:&quot;&quot;,&quot;jet_parallax_layout_bg_x&quot;:50,&quot;jet_parallax_layout_bg_y&quot;:50,&quot;jet_parallax_layout_bg_size&quot;:&quot;auto&quot;,&quot;jet_parallax_layout_animation_prop&quot;:&quot;transform&quot;,&quot;jet_parallax_layout_on&quot;:[&quot;desktop&quot;,&quot;tablet&quot;],&quot;jet_parallax_layout_bg_x_tablet&quot;:&quot;&quot;,&quot;jet_parallax_layout_bg_x_mobile&quot;:&quot;&quot;,&quot;jet_parallax_layout_bg_y_tablet&quot;:&quot;&quot;,&quot;jet_parallax_layout_bg_y_mobile&quot;:&quot;&quot;,&quot;jet_parallax_layout_bg_size_tablet&quot;:&quot;&quot;,&quot;jet_parallax_layout_bg_size_mobile&quot;:&quot;&quot;}]}\">\n\t\t\t\t\t\t<div class=\"elementor-container elementor-column-gap-default\">\n\t\t\t\t\t<div class=\"elementor-column elementor-col-100 elementor-top-column elementor-element elementor-element-3dc7570\" data-id=\"3dc7570\" data-element_type=\"column\" data-e-type=\"column\">\n\t\t\t<div class=\"elementor-widget-wrap elementor-element-populated\">\n\t\t\t\t\t\t<div class=\"elementor-element elementor-element-c9857b1 elementor-widget elementor-widget-text-editor\" data-id=\"c9857b1\" data-element_type=\"widget\" data-e-type=\"widget\" data-widget_type=\"text-editor.default\">\n\t\t\t\t<div class=\"elementor-widget-container\">\n\t\t\t\t\t\t\t\t\t<ul><li><a href=\"https:\/\/www.babybedenkzeit.de\/\/fuer-fachkraefte\/schulen\/\" data-wplink-url-error=\"true\">Schulen<\/a><\/li><li><a href=\"https:\/\/www.babybedenkzeit.de\/\/fuer-fachkraefte\/beratungsstellen\/\" data-wplink-url-error=\"true\">Beratungsstellen<\/a><\/li><li><a href=\"https:\/\/www.babybedenkzeit.de\/\/fuer-fachkraefte\/jugendbildung-und-erziehung\/\" data-wplink-url-error=\"true\">Jugendbildung und -erziehung<\/a><\/li><li><a href=\"https:\/\/www.babybedenkzeit.de\/\/fuer-fachkraefte\/menschen-mit-beeintraechtigungen\/\" data-wplink-url-error=\"true\">Menschen mit Beeintr\u00e4chtigungen<\/a><\/li><li><a href=\"https:\/\/www.babybedenkzeit.de\/\/fuer-fachkraefte\/faq\/\" data-wplink-url-error=\"true\">FAQ<\/a><\/li><\/ul>\t\t\t\t\t\t\t\t<\/div>\n\t\t\t\t<\/div>\n\t\t\t\t\t<\/div>\n\t\t<\/div>\n\t\t\t\t\t<\/div>\n\t\t<\/section>\n\t\t\t\t<\/div>\n\t\t","protected":false},"excerpt":{"rendered":"<p>Hinweis: Elternpraktikum in Zeiten von Corona Nat\u00fcrlich k\u00f6nnen Sie auch unter den gegebenen Umst\u00e4nden Elternpraktika durchf\u00fchren und bereits geplante Elternpraktika mit einigen Anpassungen stattfinden lassen.Wir erachten den pers\u00f6nlichen Kontakt und Dialog mit den Sch\u00fclern als zu wichtig, aus diesem Grund stellen wir keine Videos zur Verf\u00fcgung. Wir k\u00f6nnten damit Ihrer individuellen Situation auch nicht gerecht [&hellip;]<\/p>\n","protected":false},"author":1,"featured_media":0,"parent":0,"menu_order":0,"comment_status":"closed","ping_status":"closed","template":"elementor_header_footer","meta":{"footnotes":""},"class_list":["post-511","page","type-page","status-publish","hentry"],"_links":{"self":[{"href":"https:\/\/www.babybedenkzeit.de\/nl\/wp-json\/wp\/v2\/pages\/511","targetHints":{"allow":["GET"]}}],"collection":[{"href":"https:\/\/www.babybedenkzeit.de\/nl\/wp-json\/wp\/v2\/pages"}],"about":[{"href":"https:\/\/www.babybedenkzeit.de\/nl\/wp-json\/wp\/v2\/types\/page"}],"author":[{"embeddable":true,"href":"https:\/\/www.babybedenkzeit.de\/nl\/wp-json\/wp\/v2\/users\/1"}],"replies":[{"embeddable":true,"href":"https:\/\/www.babybedenkzeit.de\/nl\/wp-json\/wp\/v2\/comments?post=511"}],"version-history":[{"count":5,"href":"https:\/\/www.babybedenkzeit.de\/nl\/wp-json\/wp\/v2\/pages\/511\/revisions"}],"predecessor-version":[{"id":1478,"href":"https:\/\/www.babybedenkzeit.de\/nl\/wp-json\/wp\/v2\/pages\/511\/revisions\/1478"}],"wp:attachment":[{"href":"https:\/\/www.babybedenkzeit.de\/nl\/wp-json\/wp\/v2\/media?parent=511"}],"curies":[{"name":"wp","href":"https:\/\/api.w.org\/{rel}","templated":true}]}}