{"id":524,"date":"2019-09-08T12:43:51","date_gmt":"2019-09-08T10:43:51","guid":{"rendered":"https:\/\/www.babybedenkzeit.de\/\/?page_id=524"},"modified":"2020-03-30T13:14:01","modified_gmt":"2020-03-30T11:14:01","slug":"jugendbildung-und-erziehung","status":"publish","type":"page","link":"https:\/\/www.babybedenkzeit.de\/nl\/fuer-fachkraefte\/jugendbildung-und-erziehung\/","title":{"rendered":"Jeugdonderwijs"},"content":{"rendered":"\t\t<div data-elementor-type=\"wp-post\" data-elementor-id=\"524\" class=\"elementor elementor-524\">\n\t\t\t\t\t\t<section class=\"elementor-section elementor-top-section elementor-element elementor-element-200b719 elementor-section-boxed elementor-section-height-default elementor-section-height-default\" data-id=\"200b719\" data-element_type=\"section\" data-e-type=\"section\" data-settings=\"{&quot;jet_parallax_layout_list&quot;:[{&quot;jet_parallax_layout_image&quot;:{&quot;url&quot;:&quot;&quot;,&quot;id&quot;:&quot;&quot;,&quot;size&quot;:&quot;&quot;},&quot;_id&quot;:&quot;b68f807&quot;,&quot;jet_parallax_layout_image_tablet&quot;:{&quot;url&quot;:&quot;&quot;,&quot;id&quot;:&quot;&quot;,&quot;size&quot;:&quot;&quot;},&quot;jet_parallax_layout_image_mobile&quot;:{&quot;url&quot;:&quot;&quot;,&quot;id&quot;:&quot;&quot;,&quot;size&quot;:&quot;&quot;},&quot;jet_parallax_layout_speed&quot;:{&quot;unit&quot;:&quot;%&quot;,&quot;size&quot;:50,&quot;sizes&quot;:[]},&quot;jet_parallax_layout_type&quot;:&quot;scroll&quot;,&quot;jet_parallax_layout_z_index&quot;:&quot;&quot;,&quot;jet_parallax_layout_bg_x&quot;:50,&quot;jet_parallax_layout_bg_y&quot;:50,&quot;jet_parallax_layout_bg_size&quot;:&quot;auto&quot;,&quot;jet_parallax_layout_animation_prop&quot;:&quot;transform&quot;,&quot;jet_parallax_layout_on&quot;:[&quot;desktop&quot;,&quot;tablet&quot;],&quot;jet_parallax_layout_direction&quot;:&quot;1&quot;,&quot;jet_parallax_layout_fx_direction&quot;:null,&quot;jet_parallax_layout_bg_x_tablet&quot;:&quot;&quot;,&quot;jet_parallax_layout_bg_x_mobile&quot;:&quot;&quot;,&quot;jet_parallax_layout_bg_y_tablet&quot;:&quot;&quot;,&quot;jet_parallax_layout_bg_y_mobile&quot;:&quot;&quot;,&quot;jet_parallax_layout_bg_size_tablet&quot;:&quot;&quot;,&quot;jet_parallax_layout_bg_size_mobile&quot;:&quot;&quot;}]}\">\n\t\t\t\t\t\t<div class=\"elementor-container elementor-column-gap-default\">\n\t\t\t\t\t<div class=\"elementor-column elementor-col-100 elementor-top-column elementor-element elementor-element-2a56717\" data-id=\"2a56717\" data-element_type=\"column\" data-e-type=\"column\">\n\t\t\t<div class=\"elementor-widget-wrap elementor-element-populated\">\n\t\t\t\t\t\t<div class=\"elementor-element elementor-element-f6eeaad elementor-widget elementor-widget-text-editor\" data-id=\"f6eeaad\" data-element_type=\"widget\" data-e-type=\"widget\" data-widget_type=\"text-editor.default\">\n\t\t\t\t<div class=\"elementor-widget-container\">\n\t\t\t\t\t\t\t\t\t<h1>Informationen f\u00fcr die Jugendbildung und -erziehung<\/h1><p>Der Babysimulator kann als p\u00e4dagogisches Instrument in der Jugendhilfe, sowohl in der Sozialen Gruppenarbeit als auch in der Einzelfallhilfe benutzt werden. Er bietet neben der notwendigen Versorgungsleistung die M\u00f6glichkeit der Selbsterfahrung im Hinblick auf die alleinige Verantwortung f\u00fcr ein anderes Menschenleben. Somit kann der Babysimulator auch bei schwangeren Jugendlichen &#8211; nach der Entscheidungsphase &#8211; zur Ermittlung des Hilfebedarfs eingesetzt werden.<\/p><p>Der Simulator\u00a0kann in dem sensiblen Bereich der Feststellung der Erziehungsf\u00e4higkeit &#8211; neben Gespr\u00e4chen und Verhaltensbeobachtungen &#8211; ein hilfreicher Indikator sein. Die Aufzeichnung der Versorgungsleistung durch den Simulator erm\u00f6glicht eine objektive Einsch\u00e4tzung.<\/p><p>In regelm\u00e4\u00dfigen Abst\u00e4nden erscheint unser\u00a0<a href=\"https:\/\/www.babybedenkzeit.de\/\/newsletter\/\" data-wplink-url-error=\"true\">Newsletter<\/a>, der Anregungen und praktische Tipps sowie spezielle Produktangebote enth\u00e4lt.<\/p>\t\t\t\t\t\t\t\t<\/div>\n\t\t\t\t<\/div>\n\t\t\t\t\t<\/div>\n\t\t<\/div>\n\t\t\t\t\t<\/div>\n\t\t<\/section>\n\t\t\t\t<\/div>\n\t\t","protected":false},"excerpt":{"rendered":"<p>Informationen f\u00fcr die Jugendbildung und -erziehung Der Babysimulator kann als p\u00e4dagogisches Instrument in der Jugendhilfe, sowohl in der Sozialen Gruppenarbeit als auch in der Einzelfallhilfe benutzt werden. Er bietet neben der notwendigen Versorgungsleistung die M\u00f6glichkeit der Selbsterfahrung im Hinblick auf die alleinige Verantwortung f\u00fcr ein anderes Menschenleben. Somit kann der Babysimulator auch bei schwangeren Jugendlichen [&hellip;]<\/p>\n","protected":false},"author":1,"featured_media":0,"parent":511,"menu_order":0,"comment_status":"closed","ping_status":"closed","template":"elementor_header_footer","meta":{"footnotes":""},"class_list":["post-524","page","type-page","status-publish","hentry"],"_links":{"self":[{"href":"https:\/\/www.babybedenkzeit.de\/nl\/wp-json\/wp\/v2\/pages\/524","targetHints":{"allow":["GET"]}}],"collection":[{"href":"https:\/\/www.babybedenkzeit.de\/nl\/wp-json\/wp\/v2\/pages"}],"about":[{"href":"https:\/\/www.babybedenkzeit.de\/nl\/wp-json\/wp\/v2\/types\/page"}],"author":[{"embeddable":true,"href":"https:\/\/www.babybedenkzeit.de\/nl\/wp-json\/wp\/v2\/users\/1"}],"replies":[{"embeddable":true,"href":"https:\/\/www.babybedenkzeit.de\/nl\/wp-json\/wp\/v2\/comments?post=524"}],"version-history":[{"count":2,"href":"https:\/\/www.babybedenkzeit.de\/nl\/wp-json\/wp\/v2\/pages\/524\/revisions"}],"predecessor-version":[{"id":1435,"href":"https:\/\/www.babybedenkzeit.de\/nl\/wp-json\/wp\/v2\/pages\/524\/revisions\/1435"}],"up":[{"embeddable":true,"href":"https:\/\/www.babybedenkzeit.de\/nl\/wp-json\/wp\/v2\/pages\/511"}],"wp:attachment":[{"href":"https:\/\/www.babybedenkzeit.de\/nl\/wp-json\/wp\/v2\/media?parent=524"}],"curies":[{"name":"wp","href":"https:\/\/api.w.org\/{rel}","templated":true}]}}