{"id":526,"date":"2019-09-08T12:44:08","date_gmt":"2019-09-08T10:44:08","guid":{"rendered":"https:\/\/www.babybedenkzeit.de\/\/?page_id=526"},"modified":"2023-01-09T16:11:09","modified_gmt":"2023-01-09T15:11:09","slug":"menschen-mit-beeintraechtigungen","status":"publish","type":"page","link":"https:\/\/www.babybedenkzeit.de\/nl\/fuer-fachkraefte\/menschen-mit-beeintraechtigungen\/","title":{"rendered":"Mensen met handicap"},"content":{"rendered":"\t\t<div data-elementor-type=\"wp-post\" data-elementor-id=\"526\" class=\"elementor elementor-526\">\n\t\t\t\t\t\t<section class=\"elementor-section elementor-top-section elementor-element elementor-element-faefbcb elementor-section-boxed elementor-section-height-default elementor-section-height-default\" data-id=\"faefbcb\" data-element_type=\"section\" data-e-type=\"section\" data-settings=\"{&quot;jet_parallax_layout_list&quot;:[{&quot;jet_parallax_layout_image&quot;:{&quot;url&quot;:&quot;&quot;,&quot;id&quot;:&quot;&quot;,&quot;size&quot;:&quot;&quot;},&quot;_id&quot;:&quot;5c3b771&quot;,&quot;jet_parallax_layout_image_tablet&quot;:{&quot;url&quot;:&quot;&quot;,&quot;id&quot;:&quot;&quot;,&quot;size&quot;:&quot;&quot;},&quot;jet_parallax_layout_image_mobile&quot;:{&quot;url&quot;:&quot;&quot;,&quot;id&quot;:&quot;&quot;,&quot;size&quot;:&quot;&quot;},&quot;jet_parallax_layout_speed&quot;:{&quot;unit&quot;:&quot;%&quot;,&quot;size&quot;:50,&quot;sizes&quot;:[]},&quot;jet_parallax_layout_type&quot;:&quot;scroll&quot;,&quot;jet_parallax_layout_direction&quot;:&quot;1&quot;,&quot;jet_parallax_layout_fx_direction&quot;:null,&quot;jet_parallax_layout_z_index&quot;:&quot;&quot;,&quot;jet_parallax_layout_bg_x&quot;:50,&quot;jet_parallax_layout_bg_x_tablet&quot;:&quot;&quot;,&quot;jet_parallax_layout_bg_x_mobile&quot;:&quot;&quot;,&quot;jet_parallax_layout_bg_y&quot;:50,&quot;jet_parallax_layout_bg_y_tablet&quot;:&quot;&quot;,&quot;jet_parallax_layout_bg_y_mobile&quot;:&quot;&quot;,&quot;jet_parallax_layout_bg_size&quot;:&quot;auto&quot;,&quot;jet_parallax_layout_bg_size_tablet&quot;:&quot;&quot;,&quot;jet_parallax_layout_bg_size_mobile&quot;:&quot;&quot;,&quot;jet_parallax_layout_animation_prop&quot;:&quot;transform&quot;,&quot;jet_parallax_layout_on&quot;:[&quot;desktop&quot;,&quot;tablet&quot;]}]}\">\n\t\t\t\t\t\t<div class=\"elementor-container elementor-column-gap-default\">\n\t\t\t\t\t<div class=\"elementor-column elementor-col-100 elementor-top-column elementor-element elementor-element-8e1ce65\" data-id=\"8e1ce65\" data-element_type=\"column\" data-e-type=\"column\">\n\t\t\t<div class=\"elementor-widget-wrap elementor-element-populated\">\n\t\t\t\t\t\t<div class=\"elementor-element elementor-element-d8d0be1 elementor-widget elementor-widget-text-editor\" data-id=\"d8d0be1\" data-element_type=\"widget\" data-e-type=\"widget\" data-widget_type=\"text-editor.default\">\n\t\t\t\t<div class=\"elementor-widget-container\">\n\t\t\t\t\t\t\t\t\t<div class=\"ce_text block\"><h1>Informationen f\u00fcr Menschen mit Beeintr\u00e4chtigungen<\/h1><p>RealCare Baby<sup>\u00ae<\/sup> erm\u00f6glicht Menschen mit Beeintr\u00e4chtigungen, ihre individuellen F\u00e4higkeiten einzubringen. Eigenes Tun vermittelt praktische Lernerfahrungen und Erfolgserlebnisse. Gleichzeitig k\u00f6nnen Menschen mit Beeintr\u00e4chtigungen auch Grenzen von pers\u00f6nlichen Ressourcen, von Geduld und Belastbarkeit erfahren. Kindliche Bed\u00fcrfnisse und Notwendigkeiten der Babypflege lassen sich spielerisch erlernen.<\/p><p>Das babybedenkzeit<sup>\u00ae<\/sup> Elternprogramm bietet\u00a0 viele weitere Projektmaterialien zum Thema Elternschaft, die mit Menschen mit Beeintr\u00e4chtigungen gut erarbeitet werden. An der Universit\u00e4t Fribourg\/CH wurde das Handbuch <a href=\"https:\/\/projects.unifr.ch\/sepia\/de\/storch\/\" target=\"_blank\" rel=\"noopener\">\u201eSToRCH+\u201c<\/a> entwickelt, um dieses Bildungsangebot auch dieser speziellen Zielgruppe zug\u00e4nglich zu machen. Das Handbuch ist \u00fcber unseren Shop erh\u00e4ltlich.<\/p><p>Mehrmals im Jahr erscheint unser\u00a0<a href=\"https:\/\/www.babybedenkzeit.de\/newsletter\/\">Newsletter<\/a>, der Anregungen und praktische Tipps sowie spezielle Produktangebote enth\u00e4lt.<\/p><\/div>\t\t\t\t\t\t\t\t<\/div>\n\t\t\t\t<\/div>\n\t\t\t\t\t<\/div>\n\t\t<\/div>\n\t\t\t\t\t<\/div>\n\t\t<\/section>\n\t\t\t\t<\/div>\n\t\t","protected":false},"excerpt":{"rendered":"<p>Informationen f\u00fcr Menschen mit Beeintr\u00e4chtigungen RealCare Baby\u00ae erm\u00f6glicht Menschen mit Beeintr\u00e4chtigungen, ihre individuellen F\u00e4higkeiten einzubringen. Eigenes Tun vermittelt praktische Lernerfahrungen und Erfolgserlebnisse. Gleichzeitig k\u00f6nnen Menschen mit Beeintr\u00e4chtigungen auch Grenzen von pers\u00f6nlichen Ressourcen, von Geduld und Belastbarkeit erfahren. Kindliche Bed\u00fcrfnisse und Notwendigkeiten der Babypflege lassen sich spielerisch erlernen. Das babybedenkzeit\u00ae Elternprogramm bietet\u00a0 viele weitere Projektmaterialien zum [&hellip;]<\/p>\n","protected":false},"author":1,"featured_media":0,"parent":511,"menu_order":0,"comment_status":"closed","ping_status":"closed","template":"elementor_header_footer","meta":{"footnotes":""},"class_list":["post-526","page","type-page","status-publish","hentry"],"_links":{"self":[{"href":"https:\/\/www.babybedenkzeit.de\/nl\/wp-json\/wp\/v2\/pages\/526","targetHints":{"allow":["GET"]}}],"collection":[{"href":"https:\/\/www.babybedenkzeit.de\/nl\/wp-json\/wp\/v2\/pages"}],"about":[{"href":"https:\/\/www.babybedenkzeit.de\/nl\/wp-json\/wp\/v2\/types\/page"}],"author":[{"embeddable":true,"href":"https:\/\/www.babybedenkzeit.de\/nl\/wp-json\/wp\/v2\/users\/1"}],"replies":[{"embeddable":true,"href":"https:\/\/www.babybedenkzeit.de\/nl\/wp-json\/wp\/v2\/comments?post=526"}],"version-history":[{"count":7,"href":"https:\/\/www.babybedenkzeit.de\/nl\/wp-json\/wp\/v2\/pages\/526\/revisions"}],"predecessor-version":[{"id":2342,"href":"https:\/\/www.babybedenkzeit.de\/nl\/wp-json\/wp\/v2\/pages\/526\/revisions\/2342"}],"up":[{"embeddable":true,"href":"https:\/\/www.babybedenkzeit.de\/nl\/wp-json\/wp\/v2\/pages\/511"}],"wp:attachment":[{"href":"https:\/\/www.babybedenkzeit.de\/nl\/wp-json\/wp\/v2\/media?parent=526"}],"curies":[{"name":"wp","href":"https:\/\/api.w.org\/{rel}","templated":true}]}}